{"id":1241,"date":"2017-08-10T08:53:28","date_gmt":"2017-08-10T06:53:28","guid":{"rendered":"http:\/\/themebubble.com\/demo\/magplus\/?page_id=1241"},"modified":"2023-08-03T14:55:11","modified_gmt":"2023-08-03T12:55:11","slug":"contacto","status":"publish","type":"page","link":"https:\/\/agroicultura.com\/general\/contacto\/","title":{"rendered":"Contacto"},"content":{"rendered":"<div class=\"wpb-content-wrapper\"><p>[vc_row][vc_column width=&#8221;2\/3&#8243; el_class=&#8221;col-sm-8&#8243;]<h3 class=\"c-h3\"><small>Contacta con nosotros<br \/>\n<\/small><\/h3>\n<div  class=\"empty-space  marg-lg-b10\"><\/div><div class=\"simple-text size-6\">Si quieres ponerte en contacto con nosotros lo puedes hacer enviando un email a <strong>perinquiets@perinquiets.com<\/strong> indic\u00e1ndonos tu nombre y motivo de la consulta. Tambi\u00e9n puedes utilizar el formulario que aparece aqu\u00ed debajo. Todos los campos son obligatorios.<\/div>\n<div><\/div>\n<div  class=\"empty-space  marg-lg-b20\"><\/div>\n<div class=\"wpcf7 no-js\" id=\"wpcf7-f750-o1\" lang=\"en-US\" dir=\"ltr\" data-wpcf7-id=\"750\">\n<div class=\"screen-reader-response\"><p role=\"status\" aria-live=\"polite\" aria-atomic=\"true\"><\/p> <ul><\/ul><\/div>\n<form action=\"\/general\/wp-json\/wp\/v2\/pages\/1241#wpcf7-f750-o1\" method=\"post\" class=\"wpcf7-form init\" aria-label=\"Contact form\" novalidate=\"novalidate\" data-status=\"init\">\n<fieldset class=\"hidden-fields-container\"><input type=\"hidden\" name=\"_wpcf7\" value=\"750\" \/><input type=\"hidden\" name=\"_wpcf7_version\" value=\"6.1.3\" \/><input type=\"hidden\" name=\"_wpcf7_locale\" value=\"en_US\" \/><input type=\"hidden\" name=\"_wpcf7_unit_tag\" value=\"wpcf7-f750-o1\" \/><input type=\"hidden\" name=\"_wpcf7_container_post\" value=\"0\" \/><input type=\"hidden\" name=\"_wpcf7_posted_data_hash\" value=\"\" \/><input type=\"hidden\" name=\"_wpcf7_recaptcha_response\" value=\"\" \/>\n<\/fieldset>\n<div class=\"tt-contact\">\n\t<div class=\"row\">\n\t<div class=\"wpcf7-response-output\" aria-hidden=\"true\"><\/div>\n\t\t<div class=\"col-sm-6\">\n\t\t\t<p><span class=\"wpcf7-form-control-wrap\" data-name=\"your-name\"><input size=\"40\" maxlength=\"400\" class=\"wpcf7-form-control wpcf7-text wpcf7-validates-as-required c-input size-2\" aria-required=\"true\" aria-invalid=\"false\" placeholder=\"Nombre\" value=\"\" type=\"text\" name=\"your-name\" \/><\/span>\n\t\t\t<\/p>\n\t\t<\/div>\n\t\t<div class=\"col-sm-6\">\n\t\t\t<p><span class=\"wpcf7-form-control-wrap\" data-name=\"your-email\"><input size=\"40\" maxlength=\"400\" class=\"wpcf7-form-control wpcf7-email wpcf7-validates-as-required wpcf7-text wpcf7-validates-as-email c-input type-2 size-2\" aria-required=\"true\" aria-invalid=\"false\" placeholder=\"Email\" value=\"\" type=\"email\" name=\"your-email\" \/><\/span>\n\t\t\t<\/p>\n\t\t<\/div>\n\t<\/div>\n\t<p><span class=\"wpcf7-form-control-wrap\" data-name=\"your-message\"><textarea cols=\"40\" rows=\"5\" maxlength=\"2000\" class=\"wpcf7-form-control wpcf7-textarea wpcf7-validates-as-required c-area type-2 size-2\" aria-required=\"true\" aria-invalid=\"false\" placeholder=\"Texto\" name=\"your-message\"><\/textarea><\/span>\n\t<\/p>\n\t<div class=\"c-btn type-1 style-2 color-2 size-2 inherit\">\n\t\t<p><input class=\"wpcf7-form-control wpcf7-submit has-spinner contact-btn\" type=\"submit\" value=\"Enviar\" \/>\n\t\t<\/p>\n\t<\/div>\n<\/div><p style=\"display: none !important;\" class=\"akismet-fields-container\" data-prefix=\"_wpcf7_ak_\"><label>&#916;<textarea name=\"_wpcf7_ak_hp_textarea\" cols=\"45\" rows=\"8\" maxlength=\"100\"><\/textarea><\/label><input type=\"hidden\" id=\"ak_js_1\" name=\"_wpcf7_ak_js\" value=\"147\"\/><script>document.getElementById( \"ak_js_1\" ).setAttribute( \"value\", ( new Date() ).getTime() );<\/script><\/p>\n<\/form>\n<\/div>\n<div  class=\"empty-space  marg-lg-b20\"><\/div>[\/vc_column][vc_column width=&#8221;1\/3&#8243; el_class=&#8221;col-sm-4&#8243;]<div  class=\"tt-border-block about-us-block style1\"><div class=\"tt-title-block type-2\"><h3 class=\"tt-title-text\">\u00bfQu\u00e9 y qui\u00e9nes somos?<\/h3><\/div><div class=\"empty-space marg-lg-b15\"><\/div><div class=\"tt-about\"><div class=\"tt-about-block custom-hover-image\"><a class=\"img-border custom-hover bg\" href=\"https:\/\/agroicultura.com\/general\/quienes-somos\/\" target=\"_self\" style=\"background-image:url(https:\/\/agroicultura.com\/general\/wp-content\/uploads\/2014\/04\/blog.jpg);\"><\/a><\/div><div class=\"simple-text\"><p>Los que est\u00e1n detr\u00e1s de todo esto.<\/p><\/div><\/div><\/div>[\/vc_column][\/vc_row][vc_row disable_element=&#8221;yes&#8221; css=&#8221;.vc_custom_1691067260058{padding-top: 15px !important;background-color: #67bb8a !important;}&#8221;][vc_column]<h3 class=\"c-h3\"><small><span style=\"color: #ffffff;\">Enlaces de nuestros colaboradores<\/span><br \/>\n<\/small><\/h3>\n<div  class=\"empty-space  marg-lg-b20\"><\/div>[vc_row_inner][vc_column_inner width=&#8221;1\/2&#8243;]<ul>\n<li><span style=\"color: #ffffff;\">Txemac\u00e1ntropus: <a style=\"color: #ffffff;\" href=\"https:\/\/txemacan.wixsite.com\/txemacantropus\" target=\"_blank\" rel=\"noopener noreferrer\">txemacantropus.com<\/a><\/span><\/li>\n<li><span style=\"color: #ffffff;\">Paco Campos: <\/span><a href=\"mailto:franciscocamposlozano@gmail.com\"><span style=\"color: #ffffff;\">franciscocamposlozano@gmail.com<\/span><\/a><\/li>\n<\/ul>\n[\/vc_column_inner][vc_column_inner width=&#8221;1\/2&#8243;]<ul>\n<li><span style=\"color: #ffffff;\">Marta Hofmann: <a style=\"color: #ffffff;\" href=\"mailto:marta.hofmann@posteo.de\">marta.hofmann@posteo.de<\/a><\/span><\/li>\n<li><span style=\"color: #ffffff;\">Manel Gimeno: <\/span><a href=\"http:\/\/elbolerodemanel.blogspot.com\/\" target=\"_blank\" rel=\"noopener noreferrer\" data-saferedirecturl=\"https:\/\/www.google.com\/url?q=http:\/\/elbolerodemanel.blogspot.com&amp;source=gmail&amp;ust=1570026204828000&amp;usg=AFQjCNFsmMoGM10z0smWCYQ3CR-GBg8KrQ\"><span style=\"color: #ffffff;\">elbolerodemanel.blogspot.com<\/span><\/a><\/li>\n<\/ul>\n[\/vc_column_inner][\/vc_row_inner]<div  class=\"empty-space  marg-lg-b35\"><\/div>[\/vc_column][\/vc_row]<\/p>\n<\/div>","protected":false},"excerpt":{"rendered":"<p>[vc_row][vc_column width=&#8221;2\/3&#8243; el_class=&#8221;col-sm-8&#8243;][\/vc_column][vc_column width=&#8221;1\/3&#8243; el_class=&#8221;col-sm-4&#8243;][\/vc_column][\/vc_row][vc_row disable_element=&#8221;yes&#8221; css=&#8221;.vc_custom_1691067260058{padding-top: 15px !important;background-color: #67bb8a !important;}&#8221;][vc_column][vc_row_inner][vc_column_inner width=&#8221;1\/2&#8243;][\/vc_column_inner][vc_column_inner width=&#8221;1\/2&#8243;][\/vc_column_inner][\/vc_row_inner][\/vc_column][\/vc_row]<\/p>\n","protected":false},"author":1,"featured_media":0,"parent":0,"menu_order":0,"comment_status":"closed","ping_status":"closed","template":"","meta":{"footnotes":""},"class_list":["post-1241","page","type-page","status-publish","hentry"],"jetpack_shortlink":"https:\/\/wp.me\/P4Dh6a-k1","jetpack-related-posts":[],"_links":{"self":[{"href":"https:\/\/agroicultura.com\/general\/wp-json\/wp\/v2\/pages\/1241","targetHints":{"allow":["GET"]}}],"collection":[{"href":"https:\/\/agroicultura.com\/general\/wp-json\/wp\/v2\/pages"}],"about":[{"href":"https:\/\/agroicultura.com\/general\/wp-json\/wp\/v2\/types\/page"}],"author":[{"embeddable":true,"href":"https:\/\/agroicultura.com\/general\/wp-json\/wp\/v2\/users\/1"}],"replies":[{"embeddable":true,"href":"https:\/\/agroicultura.com\/general\/wp-json\/wp\/v2\/comments?post=1241"}],"version-history":[{"count":6,"href":"https:\/\/agroicultura.com\/general\/wp-json\/wp\/v2\/pages\/1241\/revisions"}],"predecessor-version":[{"id":16317,"href":"https:\/\/agroicultura.com\/general\/wp-json\/wp\/v2\/pages\/1241\/revisions\/16317"}],"wp:attachment":[{"href":"https:\/\/agroicultura.com\/general\/wp-json\/wp\/v2\/media?parent=1241"}],"curies":[{"name":"wp","href":"https:\/\/api.w.org\/{rel}","templated":true}]}}