{"id":36,"date":"2019-08-06T08:27:14","date_gmt":"2019-08-06T06:27:14","guid":{"rendered":"http:\/\/themebubble.com\/demo\/magplus\/?page_id=36"},"modified":"2023-07-31T19:42:07","modified_gmt":"2023-07-31T17:42:07","slug":"inicio","status":"publish","type":"page","link":"https:\/\/agroicultura.com\/general\/","title":{"rendered":"Inicio"},"content":{"rendered":"<div class=\"wpb-content-wrapper\"><p>[vc_row][vc_column]<div  class=\"tt-title-block custom-color-properties-1000 style6\"><h3 class=\"tt-title-text\">Lo m\u00e1s reciente<\/h3><\/div><div class=\"empty-space  marg-lg-b25\"><\/div>      <div  class=\"row \">\n      <div class=\"isotope isotope-content\"><div class=\"grid-sizer col-xs-12 col-sm-6 col-md-2\"><\/div>                  <div class=\"col-sm-12 isotope-item post-18284 post type-post status-publish format-standard has-post-thumbnail hentry category-cultura-y-comunicacion category-general\">\n              <div class=\"tt-post\">\n                        <a class=\"tt-post-img custom-hover\" href=\"https:\/\/agroicultura.com\/general\/caera-israel-la-fatal-arrogancia\/\">\n      <img loading=\"lazy\" decoding=\"async\" width=\"804\" height=\"394\" src=\"https:\/\/agroicultura.com\/general\/wp-content\/uploads\/2026\/04\/P1010013-copia-804x394.jpg\" class=\"img-responsive wp-post-image\" alt=\"\" \/>    <\/a>\n  \n                <div class=\"tt-post-info\">\n                      <div class=\"tt-post-cat\"><a href=\"https:\/\/agroicultura.com\/general\/category\/cultura-y-comunicacion\/\" rel=\"category tag\">Cultura y comunicaci\u00f3n<\/a>, <a href=\"https:\/\/agroicultura.com\/general\/category\/general\/\" rel=\"category tag\">General<\/a><\/div>\n                        <a class=\"tt-post-title c-h2\" href=\"https:\/\/agroicultura.com\/general\/caera-israel-la-fatal-arrogancia\/\">\u00bfCaer\u00e1 Israel? La fatal arrogancia<\/a>\n                        <div class=\"tt-post-label\">\n              <span class=\"tt-post-author-name\"><a href=\"https:\/\/agroicultura.com\/general\/author\/fernando-bellon\/\">Redacci\u00f3n<\/a><\/span>\n                    <span class=\"tt-post-date\">4 abril, 2026<\/span>\n          <\/div>\n                        <div class=\"simple-text\">\n      <p><\/p>\n    <\/div>\n                            <div class=\"tt-post-bottom\">\n              <span class=\"tt-post-comment\"><i class=\"material-icons\">chat_bubble<\/i>0 Comentarios<\/span>\n                    <span class=\"tt-post-views\"><i class=\"material-icons\">visibility<\/i>86 Vistas<\/span>\n                <\/div>\n                  <\/div>\n              <\/div>\n              <div class=\"empty-space marg-lg-b30\"><\/div>\n            <\/div>\n                      <div class=\"col-sm-6 isotope-item post-18248 post type-post status-publish format-standard has-post-thumbnail hentry category-cultura-y-comunicacion\">\n              <div class=\"tt-post type-2\">\n                          <a class=\"tt-post-img custom-hover\" href=\"https:\/\/agroicultura.com\/general\/conquistar-desde-el-aire\/\">\n      <img loading=\"lazy\" decoding=\"async\" width=\"394\" height=\"218\" src=\"https:\/\/agroicultura.com\/general\/wp-content\/uploads\/2026\/03\/Alexander_Battle_of_Issus_Mosaic-394x218.jpg\" class=\"img-responsive wp-post-image\" alt=\"\" \/>    <\/a>\n                    <div class=\"tt-post-info\">\n                        <div class=\"tt-post-cat\"><a href=\"https:\/\/agroicultura.com\/general\/category\/cultura-y-comunicacion\/\" rel=\"category tag\">Cultura y comunicaci\u00f3n<\/a><\/div>\n                          <a class=\"tt-post-title c-h5\" href=\"https:\/\/agroicultura.com\/general\/conquistar-desde-el-aire\/\">Conquistar desde el aire<\/a>\n                          <div class=\"tt-post-label\">\n              <span class=\"tt-post-author-name\"><a href=\"https:\/\/agroicultura.com\/general\/author\/fernando-bellon\/\">Redacci\u00f3n<\/a><\/span>\n                    <span class=\"tt-post-date\">22 marzo, 2026<\/span>\n          <\/div>\n                          <div class=\"simple-text\">\n      <p><\/p>\n    <\/div>\n                              <div class=\"tt-post-bottom\">\n              <span class=\"tt-post-comment\"><i class=\"material-icons\">chat_bubble<\/i>0 Comentarios<\/span>\n                    <span class=\"tt-post-views\"><i class=\"material-icons\">visibility<\/i>94 Vistas<\/span>\n                <\/div>\n                    <\/div>\n              <\/div>\n              <div class=\"empty-space marg-lg-b30 marg-xs-b30\"><\/div>\n            <\/div>\n            <div class=\"empty-space marg-lg-b55 marg-sm-b30\"><\/div>\n                      <div class=\"col-sm-6 isotope-item post-18234 post type-post status-publish format-standard has-post-thumbnail hentry category-cultura-y-comunicacion\">\n              <div class=\"tt-post type-2\">\n                          <a class=\"tt-post-img custom-hover\" href=\"https:\/\/agroicultura.com\/general\/el-vuelo-sobre-la-nieve-de-denise-blais\/\">\n      <img loading=\"lazy\" decoding=\"async\" width=\"394\" height=\"218\" src=\"https:\/\/agroicultura.com\/general\/wp-content\/uploads\/2026\/02\/WhatsApp-Image-2025-12-04-at-18.59.08-1-394x218.jpeg\" class=\"img-responsive wp-post-image\" alt=\"\" \/>    <\/a>\n                    <div class=\"tt-post-info\">\n                        <div class=\"tt-post-cat\"><a href=\"https:\/\/agroicultura.com\/general\/category\/cultura-y-comunicacion\/\" rel=\"category tag\">Cultura y comunicaci\u00f3n<\/a><\/div>\n                          <a class=\"tt-post-title c-h5\" href=\"https:\/\/agroicultura.com\/general\/el-vuelo-sobre-la-nieve-de-denise-blais\/\">El vuelo sobre la nieve de Denise Blais<\/a>\n                          <div class=\"tt-post-label\">\n              <span class=\"tt-post-author-name\"><a href=\"https:\/\/agroicultura.com\/general\/author\/fernando-bellon\/\">Redacci\u00f3n<\/a><\/span>\n                    <span class=\"tt-post-date\">8 marzo, 2026<\/span>\n          <\/div>\n                          <div class=\"simple-text\">\n      <p><\/p>\n    <\/div>\n                              <div class=\"tt-post-bottom\">\n              <span class=\"tt-post-comment\"><i class=\"material-icons\">chat_bubble<\/i>0 Comentarios<\/span>\n                    <span class=\"tt-post-views\"><i class=\"material-icons\">visibility<\/i>120 Vistas<\/span>\n                <\/div>\n                    <\/div>\n              <\/div>\n              <div class=\"empty-space marg-lg-b30 marg-xs-b30\"><\/div>\n            <\/div>\n            <div class=\"empty-space marg-lg-b55 marg-sm-b30\"><\/div>\n                  <\/div>      <\/div>\n      <div  class=\"empty-space  marg-lg-b50\"><\/div>[\/vc_column][\/vc_row][vc_row][vc_column]<div  class=\"tt-title-block custom-color-properties-1001 style6\"><h3 class=\"tt-title-text\">Cultura y comunicaci\u00f3n<\/h3><\/div><div class=\"empty-space  marg-lg-b25\"><\/div>      <div class=\"row\">\n        <div class=\"post-grid-view\">\n                  <div class=\"col-sm-6 post-18284 post type-post status-publish format-standard has-post-thumbnail hentry category-cultura-y-comunicacion category-general\">\n\n            <div class=\"tt-post type-2\">\n                      <a class=\"tt-post-img custom-hover\" href=\"https:\/\/agroicultura.com\/general\/caera-israel-la-fatal-arrogancia\/\">\n      <img loading=\"lazy\" decoding=\"async\" width=\"537\" height=\"307\" src=\"https:\/\/agroicultura.com\/general\/wp-content\/uploads\/2026\/04\/P1010013-copia-537x307.jpg\" class=\"img-responsive wp-post-image\" alt=\"\" \/>    <\/a>\n                <div class=\"tt-post-info\">\n                    <div class=\"tt-post-cat\"><a href=\"https:\/\/agroicultura.com\/general\/category\/cultura-y-comunicacion\/\" rel=\"category tag\">Cultura y comunicaci\u00f3n<\/a>, <a href=\"https:\/\/agroicultura.com\/general\/category\/general\/\" rel=\"category tag\">General<\/a><\/div>\n                      <a class=\"tt-post-title c-h4\" href=\"https:\/\/agroicultura.com\/general\/caera-israel-la-fatal-arrogancia\/\"><small>\u00bfCaer\u00e1 Israel? La fatal arrogancia<\/small><\/a>\n                      <div class=\"tt-post-label\">\n              <span class=\"tt-post-author-name\"><a href=\"https:\/\/agroicultura.com\/general\/author\/fernando-bellon\/\">Redacci\u00f3n<\/a><\/span>\n                    <span class=\"tt-post-date\">4 abril, 2026<\/span>\n          <\/div>\n                      <div class=\"simple-text\">\n      <p><\/p>\n    <\/div>\n                          <div class=\"tt-post-bottom\">\n              <span class=\"tt-post-comment\"><i class=\"material-icons\">chat_bubble<\/i>0 Comentarios<\/span>\n                    <span class=\"tt-post-views\"><i class=\"material-icons\">visibility<\/i>86 Vistas<\/span>\n                <\/div>\n                <\/div>\n            <\/div>\n            <div class=\"empty-space marg-xs-b30\"><\/div> \n          <\/div>\n            <div class=\"col-xs-6 col-sm-4 col-lg-2 post-handy-picked post-18248 post type-post status-publish format-standard has-post-thumbnail hentry category-cultura-y-comunicacion\">\n      <div class=\"tt-post type-3\">\n                <a class=\"tt-post-img custom-hover\" href=\"https:\/\/agroicultura.com\/general\/conquistar-desde-el-aire\/\">\n      <img loading=\"lazy\" decoding=\"async\" width=\"183\" height=\"96\" src=\"https:\/\/agroicultura.com\/general\/wp-content\/uploads\/2026\/03\/Alexander_Battle_of_Issus_Mosaic-183x96.jpg\" class=\"img-responsive wp-post-image\" alt=\"\" \/>    <\/a>\n            <div class=\"tt-post-info\">\n                <a class=\"tt-post-title c-h5\" href=\"https:\/\/agroicultura.com\/general\/conquistar-desde-el-aire\/\">Conquistar desde el aire<\/a>\n                  <div class=\"tt-post-label\">\n              <span class=\"tt-post-author-name\"><a href=\"https:\/\/agroicultura.com\/general\/author\/fernando-bellon\/\">Redacci\u00f3n<\/a><\/span>\n                    <span class=\"tt-post-date\">22 marzo, 2026<\/span>\n          <\/div>\n            <\/div>\n      <\/div> \n      <div class=\"empty-space marg-lg-b25\"><\/div>                 \n    <\/div>\n      <div class=\"col-xs-6 col-sm-4 col-lg-2 post-handy-picked post-18234 post type-post status-publish format-standard has-post-thumbnail hentry category-cultura-y-comunicacion\">\n      <div class=\"tt-post type-3\">\n                <a class=\"tt-post-img custom-hover\" href=\"https:\/\/agroicultura.com\/general\/el-vuelo-sobre-la-nieve-de-denise-blais\/\">\n      <img loading=\"lazy\" decoding=\"async\" width=\"183\" height=\"96\" src=\"https:\/\/agroicultura.com\/general\/wp-content\/uploads\/2026\/02\/WhatsApp-Image-2025-12-04-at-18.59.08-1-183x96.jpeg\" class=\"img-responsive wp-post-image\" alt=\"\" \/>    <\/a>\n            <div class=\"tt-post-info\">\n                <a class=\"tt-post-title c-h5\" href=\"https:\/\/agroicultura.com\/general\/el-vuelo-sobre-la-nieve-de-denise-blais\/\">El vuelo sobre la nieve de Denise Blais<\/a>\n                  <div class=\"tt-post-label\">\n              <span class=\"tt-post-author-name\"><a href=\"https:\/\/agroicultura.com\/general\/author\/fernando-bellon\/\">Redacci\u00f3n<\/a><\/span>\n                    <span class=\"tt-post-date\">8 marzo, 2026<\/span>\n          <\/div>\n            <\/div>\n      <\/div> \n      <div class=\"empty-space marg-lg-b25\"><\/div>                 \n    <\/div>\n      <div class=\"col-xs-6 col-sm-4 col-lg-2 post-handy-picked post-18224 post type-post status-publish format-standard has-post-thumbnail hentry category-cultura-y-comunicacion\">\n      <div class=\"tt-post type-3\">\n                <a class=\"tt-post-img custom-hover\" href=\"https:\/\/agroicultura.com\/general\/las-mascaras-del-heroe-y-j-m-de-prada\/\">\n      <img loading=\"lazy\" decoding=\"async\" width=\"183\" height=\"96\" src=\"https:\/\/agroicultura.com\/general\/wp-content\/uploads\/2026\/02\/IMG_5378-183x96.jpg\" class=\"img-responsive wp-post-image\" alt=\"\" \/>    <\/a>\n            <div class=\"tt-post-info\">\n                <a class=\"tt-post-title c-h5\" href=\"https:\/\/agroicultura.com\/general\/las-mascaras-del-heroe-y-j-m-de-prada\/\">\u201cLas m\u00e1scaras del h\u00e9roe\u201d y J.M. de Prada<\/a>\n                  <div class=\"tt-post-label\">\n              <span class=\"tt-post-author-name\"><a href=\"https:\/\/agroicultura.com\/general\/author\/fernando-bellon\/\">Redacci\u00f3n<\/a><\/span>\n                    <span class=\"tt-post-date\">22 febrero, 2026<\/span>\n          <\/div>\n            <\/div>\n      <\/div> \n      <div class=\"empty-space marg-lg-b25\"><\/div>                 \n    <\/div>\n      <div class=\"col-xs-6 col-sm-4 col-lg-2 post-handy-picked post-18070 post type-post status-publish format-standard has-post-thumbnail hentry category-cultura-y-comunicacion category-general\">\n      <div class=\"tt-post type-3\">\n                <a class=\"tt-post-img custom-hover\" href=\"https:\/\/agroicultura.com\/general\/siete-dias-por-el-nilo-a-una-de-caballo\/\">\n      <img loading=\"lazy\" decoding=\"async\" width=\"183\" height=\"96\" src=\"https:\/\/agroicultura.com\/general\/wp-content\/uploads\/2026\/01\/Karnak-50-copia-183x96.jpg\" class=\"img-responsive wp-post-image\" alt=\"\" \/>    <\/a>\n            <div class=\"tt-post-info\">\n                <a class=\"tt-post-title c-h5\" href=\"https:\/\/agroicultura.com\/general\/siete-dias-por-el-nilo-a-una-de-caballo\/\">Siete d\u00edas por el Nilo a u\u00f1a de caballo<\/a>\n                  <div class=\"tt-post-label\">\n              <span class=\"tt-post-author-name\"><a href=\"https:\/\/agroicultura.com\/general\/author\/fernando-bellon\/\">Redacci\u00f3n<\/a><\/span>\n                    <span class=\"tt-post-date\">25 enero, 2026<\/span>\n          <\/div>\n            <\/div>\n      <\/div> \n      <div class=\"empty-space marg-lg-b25\"><\/div>                 \n    <\/div>\n          <\/div>\n      <\/div>\n      \n  <div  class=\"empty-space  marg-lg-b50\"><\/div>[\/vc_column][\/vc_row][vc_row][vc_column]<div  class=\"tt-title-block custom-color-properties-1002 style6\"><h3 class=\"tt-title-text\">Agricultura y naturaleza<\/h3><\/div><div class=\"empty-space  marg-lg-b25\"><\/div>      <div class=\"row\">\n        <div class=\"post-grid-view\">\n                  <div class=\"col-sm-6 post-17680 post type-post status-publish format-standard has-post-thumbnail hentry category-general category-reportajes\">\n\n            <div class=\"tt-post type-2\">\n                      <a class=\"tt-post-img custom-hover\" href=\"https:\/\/agroicultura.com\/general\/tabernas-mayo-2025-diario-de-un-viajero\/\">\n      <img loading=\"lazy\" decoding=\"async\" width=\"537\" height=\"307\" src=\"https:\/\/agroicultura.com\/general\/wp-content\/uploads\/2025\/06\/IMG20250508104111-537x307.jpg\" class=\"img-responsive wp-post-image\" alt=\"\" \/>    <\/a>\n                <div class=\"tt-post-info\">\n                    <div class=\"tt-post-cat\"><a href=\"https:\/\/agroicultura.com\/general\/category\/general\/\" rel=\"category tag\">General<\/a>, <a href=\"https:\/\/agroicultura.com\/general\/category\/agroecologia\/reportajes\/\" rel=\"category tag\">Reportajes<\/a><\/div>\n                      <a class=\"tt-post-title c-h4\" href=\"https:\/\/agroicultura.com\/general\/tabernas-mayo-2025-diario-de-un-viajero\/\"><small>Tabernas, mayo 2025. Diario de un viajero<\/small><\/a>\n                      <div class=\"tt-post-label\">\n              <span class=\"tt-post-author-name\"><a href=\"https:\/\/agroicultura.com\/general\/author\/fernando-bellon\/\">Redacci\u00f3n<\/a><\/span>\n                    <span class=\"tt-post-date\">22 junio, 2025<\/span>\n          <\/div>\n                      <div class=\"simple-text\">\n      <p><\/p>\n    <\/div>\n                          <div class=\"tt-post-bottom\">\n              <span class=\"tt-post-comment\"><i class=\"material-icons\">chat_bubble<\/i>0 Comentarios<\/span>\n                    <span class=\"tt-post-views\"><i class=\"material-icons\">visibility<\/i>588 Vistas<\/span>\n                <\/div>\n                <\/div>\n            <\/div>\n            <div class=\"empty-space marg-xs-b30\"><\/div> \n          <\/div>\n            <div class=\"col-xs-6 col-sm-4 col-lg-2 post-handy-picked post-16775 post type-post status-publish format-standard has-post-thumbnail hentry category-agroecologia\">\n      <div class=\"tt-post type-3\">\n                <a class=\"tt-post-img custom-hover\" href=\"https:\/\/agroicultura.com\/general\/las-virtudes-menoscabadas-de-la-vida-rural\/\">\n      <img loading=\"lazy\" decoding=\"async\" width=\"183\" height=\"96\" src=\"https:\/\/agroicultura.com\/general\/wp-content\/uploads\/2024\/05\/DSC00591-copia-183x96.jpg\" class=\"img-responsive wp-post-image\" alt=\"\" \/>    <\/a>\n            <div class=\"tt-post-info\">\n                <a class=\"tt-post-title c-h5\" href=\"https:\/\/agroicultura.com\/general\/las-virtudes-menoscabadas-de-la-vida-rural\/\">Las virtudes menoscabadas de la vida rural<\/a>\n                  <div class=\"tt-post-label\">\n              <span class=\"tt-post-author-name\"><a href=\"https:\/\/agroicultura.com\/general\/author\/fernando-bellon\/\">Redacci\u00f3n<\/a><\/span>\n                    <span class=\"tt-post-date\">26 mayo, 2024<\/span>\n          <\/div>\n            <\/div>\n      <\/div> \n      <div class=\"empty-space marg-lg-b25\"><\/div>                 \n    <\/div>\n      <div class=\"col-xs-6 col-sm-4 col-lg-2 post-handy-picked post-16630 post type-post status-publish format-standard has-post-thumbnail hentry category-agroecologia\">\n      <div class=\"tt-post type-3\">\n                <a class=\"tt-post-img custom-hover\" href=\"https:\/\/agroicultura.com\/general\/rios-puentes-fortalezas-fotografias-de-antonio-anguis\/\">\n      <img loading=\"lazy\" decoding=\"async\" width=\"183\" height=\"96\" src=\"https:\/\/agroicultura.com\/general\/wp-content\/uploads\/2024\/02\/Sagunto-colorines-183x96.jpeg\" class=\"img-responsive wp-post-image\" alt=\"\" \/>    <\/a>\n            <div class=\"tt-post-info\">\n                <a class=\"tt-post-title c-h5\" href=\"https:\/\/agroicultura.com\/general\/rios-puentes-fortalezas-fotografias-de-antonio-anguis\/\">R\u00edos, puentes, fortalezas. Fotograf\u00edas de Antonio Angu\u00eds<\/a>\n                  <div class=\"tt-post-label\">\n              <span class=\"tt-post-author-name\"><a href=\"https:\/\/agroicultura.com\/general\/author\/fernando-bellon\/\">Redacci\u00f3n<\/a><\/span>\n                    <span class=\"tt-post-date\">6 febrero, 2024<\/span>\n          <\/div>\n            <\/div>\n      <\/div> \n      <div class=\"empty-space marg-lg-b25\"><\/div>                 \n    <\/div>\n      <div class=\"col-xs-6 col-sm-4 col-lg-2 post-handy-picked post-16555 post type-post status-publish format-standard has-post-thumbnail hentry category-agroecologia\">\n      <div class=\"tt-post type-3\">\n                <a class=\"tt-post-img custom-hover\" href=\"https:\/\/agroicultura.com\/general\/estudio-de-la-flora-de-tabarca\/\">\n      <img loading=\"lazy\" decoding=\"async\" width=\"183\" height=\"96\" src=\"https:\/\/agroicultura.com\/general\/wp-content\/uploads\/2023\/11\/costa-algas-183x96.jpg\" class=\"img-responsive wp-post-image\" alt=\"\" \/>    <\/a>\n            <div class=\"tt-post-info\">\n                <a class=\"tt-post-title c-h5\" href=\"https:\/\/agroicultura.com\/general\/estudio-de-la-flora-de-tabarca\/\">Estudio de la flora de Tabarca<\/a>\n                  <div class=\"tt-post-label\">\n              <span class=\"tt-post-author-name\"><a href=\"https:\/\/agroicultura.com\/general\/author\/fernando-bellon\/\">Redacci\u00f3n<\/a><\/span>\n                    <span class=\"tt-post-date\">17 noviembre, 2023<\/span>\n          <\/div>\n            <\/div>\n      <\/div> \n      <div class=\"empty-space marg-lg-b25\"><\/div>                 \n    <\/div>\n      <div class=\"col-xs-6 col-sm-4 col-lg-2 post-handy-picked post-16537 post type-post status-publish format-standard has-post-thumbnail hentry category-agroecologia\">\n      <div class=\"tt-post type-3\">\n                <a class=\"tt-post-img custom-hover\" href=\"https:\/\/agroicultura.com\/general\/lost-in-tabarca\/\">\n      <img loading=\"lazy\" decoding=\"async\" width=\"183\" height=\"96\" src=\"https:\/\/agroicultura.com\/general\/wp-content\/uploads\/2023\/11\/395467907_3606004473005128_1654983105861718703_n-183x96.jpg\" class=\"img-responsive wp-post-image\" alt=\"\" srcset=\"https:\/\/agroicultura.com\/general\/wp-content\/uploads\/2023\/11\/395467907_3606004473005128_1654983105861718703_n-183x96.jpg 183w, https:\/\/agroicultura.com\/general\/wp-content\/uploads\/2023\/11\/395467907_3606004473005128_1654983105861718703_n-748x394.jpg 748w\" sizes=\"auto, (max-width: 183px) 100vw, 183px\" \/>    <\/a>\n            <div class=\"tt-post-info\">\n                <a class=\"tt-post-title c-h5\" href=\"https:\/\/agroicultura.com\/general\/lost-in-tabarca\/\">Lost in Tabarca<\/a>\n                  <div class=\"tt-post-label\">\n              <span class=\"tt-post-author-name\"><a href=\"https:\/\/agroicultura.com\/general\/author\/fernando-bellon\/\">Redacci\u00f3n<\/a><\/span>\n                    <span class=\"tt-post-date\">10 noviembre, 2023<\/span>\n          <\/div>\n            <\/div>\n      <\/div> \n      <div class=\"empty-space marg-lg-b25\"><\/div>                 \n    <\/div>\n          <\/div>\n      <\/div>\n      \n  <div  class=\"empty-space  marg-lg-b50\"><\/div>[\/vc_column][\/vc_row]<\/p>\n<\/div>","protected":false},"excerpt":{"rendered":"<p>[vc_row][vc_column][\/vc_column][\/vc_row][vc_row][vc_column][\/vc_column][\/vc_row][vc_row][vc_column][\/vc_column][\/vc_row]<\/p>\n","protected":false},"author":1,"featured_media":0,"parent":0,"menu_order":0,"comment_status":"closed","ping_status":"closed","template":"","meta":{"footnotes":""},"class_list":["post-36","page","type-page","status-publish","hentry"],"jetpack_shortlink":"https:\/\/wp.me\/P4Dh6a-A","jetpack-related-posts":[],"_links":{"self":[{"href":"https:\/\/agroicultura.com\/general\/wp-json\/wp\/v2\/pages\/36","targetHints":{"allow":["GET"]}}],"collection":[{"href":"https:\/\/agroicultura.com\/general\/wp-json\/wp\/v2\/pages"}],"about":[{"href":"https:\/\/agroicultura.com\/general\/wp-json\/wp\/v2\/types\/page"}],"author":[{"embeddable":true,"href":"https:\/\/agroicultura.com\/general\/wp-json\/wp\/v2\/users\/1"}],"replies":[{"embeddable":true,"href":"https:\/\/agroicultura.com\/general\/wp-json\/wp\/v2\/comments?post=36"}],"version-history":[{"count":97,"href":"https:\/\/agroicultura.com\/general\/wp-json\/wp\/v2\/pages\/36\/revisions"}],"predecessor-version":[{"id":16268,"href":"https:\/\/agroicultura.com\/general\/wp-json\/wp\/v2\/pages\/36\/revisions\/16268"}],"wp:attachment":[{"href":"https:\/\/agroicultura.com\/general\/wp-json\/wp\/v2\/media?parent=36"}],"curies":[{"name":"wp","href":"https:\/\/api.w.org\/{rel}","templated":true}]}}