{"id":8,"date":"2012-07-02T23:11:31","date_gmt":"2012-07-02T21:11:31","guid":{"rendered":"http:\/\/perinquiets.com\/?page_id=8"},"modified":"2023-06-08T17:56:32","modified_gmt":"2023-06-08T15:56:32","slug":"quienes-somos","status":"publish","type":"page","link":"https:\/\/agroicultura.com\/general\/quienes-somos\/","title":{"rendered":"Qu\u00e9 y qui\u00e9nes somos"},"content":{"rendered":"<div class=\"wpb-content-wrapper\"><p>[vc_row][vc_column]<div class=\"text-block\" ><div class=\"simple-text size-4\"><h4 style=\"text-align: center;\"><em><strong>AGROICULTURA-PERINQUIETS <\/strong><\/em>es una revista digital de informaci\u00f3n de Cultura y Comunicaci\u00f3n, heredera natural de la primitiva <em>PERINQUIETS<\/em>, y renueva sus contenidos discrecionalmente<\/h4>\n<\/div><\/div>[vc_separator css=&#8221;.vc_custom_1566930780731{padding-top: 30px !important;}&#8221;]<div class=\"text-block\" ><div class=\"simple-text size-4\"><p>La cultura que aparece en\u00a0<strong>AGROICULTURA-PERINQUIETS<\/strong>\u00a0no tiene l\u00edmites territoriales ni gen\u00e9ricos. Pero centra su inter\u00e9s en el tipo de fen\u00f3meno cultural ausente en los grandes medios. Nos interesa la presencia en nuestras p\u00e1ginas de quienes encuentran dif\u00edcil o imposible expresarse en medios de potente financiaci\u00f3n y presupuesto<br \/>\n<strong>AGROICULTURA-PERINQUIETS<\/strong>\u00a0recorri\u00f3 m\u00e1s de un a\u00f1o por la v\u00eda experimental hasta llegar a una nueva estaci\u00f3n. En el oto\u00f1o de 2013, inici\u00f3 un viaje al que est\u00e1n invitados todos cuantos quieran contribuir con sus colaboraciones informativas, partiendo del hecho evidente de que\u00a0<strong>AGROICULTURA-PERINQUIETS<\/strong>\u00a0no tiene presupuesto ni publicidad, es decir, que se basa en la generosidad de sus promotores y colaboradores.<\/p>\n<\/div><\/div>[vc_separator css=&#8221;.vc_custom_1566930789652{padding-top: 30px !important;}&#8221;][vc_row_inner][vc_column_inner width=&#8221;1\/2&#8243;]<div  class=\"tt-title-block custom-color-properties-1000 style3\"><h3 class=\"tt-title-text\">Participaci\u00f3n<\/h3><\/div><div class=\"empty-space  marg-lg-b25\"><\/div><div class=\"text-block\" ><div class=\"simple-text size-4\"><p>Todos los lectores de <strong>AGROICULTURA-PERINQUIETS<\/strong>, sean profesionales de la comunicaci\u00f3n o ciudadanos ajenos a este condenado mundo, pueden participar en el peri\u00f3dico mediante sus comentarios y sugerencias o enviando colaboraciones al correo electr\u00f3nico perinquiets@perinquiets.com<\/p>\n<\/div><\/div>[\/vc_column_inner][vc_column_inner width=&#8221;1\/2&#8243;]<div  class=\"tt-title-block custom-color-properties-1001 style3\"><h3 class=\"tt-title-text\">Reproducci\u00f3n<\/h3><\/div><div class=\"empty-space  marg-lg-b25\"><\/div><div class=\"text-block\" ><div class=\"simple-text size-4\"><p>Los textos publicados en\u00a0<em><strong>AGROICULTURA-<\/strong><\/em><i><b>PERINQUIETS<\/b><\/i> se atienen a los presupuestos de<em> Creative Commons<\/em>, que en resumen es el siguiente: pueden ser reproducidos en su totalidad o en parte s\u00f3lo en medios no lucrativos, citando su procedencia y a su autor.<\/p>\n<\/div><\/div>[\/vc_column_inner][\/vc_row_inner][\/vc_column][\/vc_row][vc_row][vc_column][vc_separator css=&#8221;.vc_custom_1566930789652{padding-top: 30px !important;}&#8221;]<div class=\"text-block\" ><div class=\"simple-text size-4\"><p style=\"text-align: center;\"><strong>Las personas que mantienen, alimentan y empujan la nueva marcha de AGROICULTURA son Fernando Bell\u00f3n P\u00e9rez y Antonia Anunciaci\u00f3n Bueno Mingall\u00f3n, ambos de larga trayectoria profesional<\/strong><\/p>\n<\/div><\/div>[vc_separator css=&#8221;.vc_custom_1566930789652{padding-top: 30px !important;}&#8221;][vc_row_inner][vc_column_inner width=&#8221;1\/2&#8243;]<div  class=\"tt-title-block custom-color-properties-1002 style4\"><h3 class=\"tt-title-text\">Fernando Bell\u00f3n P\u00e9rez<\/h3><\/div><div class=\"empty-space  marg-lg-b25\"><\/div><div class=\"text-block\" ><div class=\"simple-text size-4\"><p>Periodista y explorador curioso del panorama fascinante de este siglo y el anterior. Ha ejercido su profesi\u00f3n la mayor parte de su vida en Espa\u00f1a, pero tambi\u00e9n en Alemania, Australia e Inglaterra; y espor\u00e1dicamente, en Francia, Grecia, Israel, Argentina, Brasil, Colombia, los Estados Unidos (gringos) de Norteam\u00e9rica, Kuwait y Sur\u00e1frica. Es autor del libro \u201cLos Informativos Electr\u00f3nicos\u201d, de la biograf\u00eda \u201cRenau, la Abrumadora Responsabilidad del Arte\u201d, ambos disponibles en esta p\u00e1gina en formato epub y PDF, y de varias novelas, tambi\u00e9n a disposici\u00f3n del lector interesado en esta p\u00e1gina.<\/p>\n<\/div><\/div>[\/vc_column_inner][vc_column_inner width=&#8221;1\/2&#8243;]<div  class=\"tt-title-block custom-color-properties-1003 style4\"><h3 class=\"tt-title-text\">Antonia Anunciaci\u00f3n Bueno Mingall\u00f3n<\/h3><\/div><div class=\"empty-space  marg-lg-b25\"><\/div><div class=\"text-block\" ><div class=\"simple-text size-4\"><p>Es dramaturga, directora de escena y actriz. Creadora y co-directora de la compa\u00f1\u00eda teatral Guirigai, permaneci\u00f3 en ella dos d\u00e9cadas. Ha dirigido 20 obras de teatro propias y ajenas. Ha escrito 16 obras largas (una Trilog\u00eda de Mujeres Medievales, las m\u00e1s significativas) e innumerables mon\u00f3logos. La mayor\u00eda de sus trabajos se han representado en diversos escenarios espa\u00f1oles, franceses, portugueses y brasile\u00f1os, y adaptaciones de ellas se han presentado en Estados Unidos (gringos), Grecia, M\u00e9xico, Francia, Argentina, Cuba\u2026 Ha recibido premios como actriz, directora, autora, y ha realizado viajes profesionales a Portugal, Brasil, Cuba, Gran Breta\u00f1a, Estados Unidos (gringos), Venezuela, Argentina, Francia y Alemania.<\/p>\n<\/div><\/div>[\/vc_column_inner][\/vc_row_inner][vc_separator css=&#8221;.vc_custom_1566930789652{padding-top: 30px !important;}&#8221;]<div class=\"text-block\" ><div class=\"simple-text size-4\"><p><strong> PERINQUIETS<\/strong>\u00a0naci\u00f3 en junio de 2012 gracias al trabajo conjunto de Ignacio Olmedilla, Rebeca Valor, V\u00edctor Rey, Juan de la Cruz, Rub\u00e9n Rovira, Juan Romero\u00a0 y Fernando Bell\u00f3n. La actual\u00a0<strong>AGROICULTURA-PERINQUIETS<\/strong>\u00a0cuenta con el concurso de\u00a0Joan Dur\u00e1, su web m\u00e1ster, y de\u00a0<a href=\"https:\/\/openportfolio.es\/artista\/txemacantropus\/\" target=\"_blank\" rel=\"noopener\">Txemac\u00e1ntropus<\/a>, artista gr\u00e1fico.<\/p>\n<\/div><\/div>[\/vc_column][\/vc_row]<\/p>\n<\/div>","protected":false},"excerpt":{"rendered":"<p>[vc_row][vc_column][vc_separator css=&#8221;.vc_custom_1566930780731{padding-top: 30px !important;}&#8221;][vc_separator css=&#8221;.vc_custom_1566930789652{padding-top: 30px !important;}&#8221;][vc_row_inner][vc_column_inner width=&#8221;1\/2&#8243;][\/vc_column_inner][vc_column_inner width=&#8221;1\/2&#8243;][\/vc_column_inner][\/vc_row_inner][\/vc_column][\/vc_row][vc_row][vc_column][vc_separator css=&#8221;.vc_custom_1566930789652{padding-top: 30px !important;}&#8221;][vc_separator css=&#8221;.vc_custom_1566930789652{padding-top: 30px !important;}&#8221;][vc_row_inner][vc_column_inner width=&#8221;1\/2&#8243;][\/vc_column_inner][vc_column_inner width=&#8221;1\/2&#8243;][\/vc_column_inner][\/vc_row_inner][vc_separator css=&#8221;.vc_custom_1566930789652{padding-top: 30px !important;}&#8221;][\/vc_column][\/vc_row]<\/p>\n","protected":false},"author":3,"featured_media":0,"parent":0,"menu_order":0,"comment_status":"closed","ping_status":"closed","template":"","meta":{"footnotes":""},"class_list":["post-8","page","type-page","status-publish","hentry"],"jetpack_shortlink":"https:\/\/wp.me\/P4Dh6a-8","jetpack-related-posts":[],"_links":{"self":[{"href":"https:\/\/agroicultura.com\/general\/wp-json\/wp\/v2\/pages\/8","targetHints":{"allow":["GET"]}}],"collection":[{"href":"https:\/\/agroicultura.com\/general\/wp-json\/wp\/v2\/pages"}],"about":[{"href":"https:\/\/agroicultura.com\/general\/wp-json\/wp\/v2\/types\/page"}],"author":[{"embeddable":true,"href":"https:\/\/agroicultura.com\/general\/wp-json\/wp\/v2\/users\/3"}],"replies":[{"embeddable":true,"href":"https:\/\/agroicultura.com\/general\/wp-json\/wp\/v2\/comments?post=8"}],"version-history":[{"count":34,"href":"https:\/\/agroicultura.com\/general\/wp-json\/wp\/v2\/pages\/8\/revisions"}],"predecessor-version":[{"id":16080,"href":"https:\/\/agroicultura.com\/general\/wp-json\/wp\/v2\/pages\/8\/revisions\/16080"}],"wp:attachment":[{"href":"https:\/\/agroicultura.com\/general\/wp-json\/wp\/v2\/media?parent=8"}],"curies":[{"name":"wp","href":"https:\/\/api.w.org\/{rel}","templated":true}]}}